{"id":19787,"date":"2025-10-23T10:25:57","date_gmt":"2025-10-24T08:15:12","guid":{"rendered":"https:\/\/glicerin.si\/product\/rastlinski-glicerin-80-500ml\/"},"modified":"2025-10-27T11:13:28","modified_gmt":"2025-10-27T10:13:28","slug":"rastlinski-glicerin-80-500ml","status":"publish","type":"product","link":"https:\/\/glicerin.si\/sl\/izdelek\/rastlinski-glicerin-80-500ml\/","title":{"rendered":"Rastlinski Glicerin 80% 500ml"},"content":{"rendered":"<p>Rastlinski glicerin (VG) je prozorna, brez vonja in rahlo sladka teko\u010dina, pridobljena iz rastlinskih olj, ki se pogosto uporablja kot osnovna sestavina v razli\u010dnih aromati\u010dnih izdelkih in izdelkih za osebno nego, ki imajo \u0161tevilne razli\u010dne uporabe.<\/p>\n<p>&nbsp;<\/p>\n<p>Neto koli\u010dina: 500 ml<\/p>\n<p>&nbsp;<\/p>\n<h3 style=\"text-align: center;\"><strong>Varnostne informacije<\/strong><\/h3>\n<p>Lahko povzro\u010di alergijsko ko\u017eno reakcijo. Povzro\u010da hudo dra\u017eenje o\u010di. <\/p>\n<p>Pri ponavljajo\u010di se izpostavljenosti lahko pride do izsu\u0161itve ali razpokanosti ko\u017ee. Varnostni list je na voljo na zahtevo. Hranite zunaj dosega otrok. Ne vna\u0161ajte v o\u010di, na ko\u017eo ali na obla\u010dila. Vsebino\/posodo odstranite v skladu z lokalnimi predpisi.    <\/p>\n","protected":false},"excerpt":{"rendered":"<p>Rastlinski glicerin (VG) je prozorna, brez vonja in rahlo sladka teko\u010dina, pridobljena iz rastlinskih olj, ki se pogosto uporablja kot<\/p>\n","protected":false},"featured_media":19734,"template":"","meta":[],"product_brand":[],"product_cat":[387,395],"product_tag":[],"class_list":{"0":"post-19787","1":"product","2":"type-product","3":"status-publish","4":"has-post-thumbnail","6":"product_cat-glicerin","7":"product_cat-500ml-sl","9":"first","10":"instock","11":"taxable","12":"shipping-taxable","13":"purchasable","14":"product-type-simple"},"yoast_head":"<!-- This site is optimized with the Yoast SEO plugin v26.2 - https:\/\/yoast.com\/wordpress\/plugins\/seo\/ -->\n<title>Rastlinski Glicerin 80% 500ml - Pro Flavors<\/title>\n<meta name=\"robots\" content=\"index, follow, max-snippet:-1, max-image-preview:large, max-video-preview:-1\" \/>\n<link rel=\"canonical\" href=\"https:\/\/glicerin.si\/sl\/izdelek\/rastlinski-glicerin-80-500ml\/\" \/>\n<meta property=\"og:locale\" content=\"sl_SI\" \/>\n<meta property=\"og:type\" content=\"article\" \/>\n<meta property=\"og:title\" content=\"Rastlinski Glicerin 80% 500ml - Pro Flavors\" \/>\n<meta property=\"og:description\" content=\"Rastlinski glicerin (VG) je prozorna, brez vonja in rahlo sladka teko\u010dina, pridobljena iz rastlinskih olj, ki se pogosto uporablja kot\" \/>\n<meta property=\"og:url\" content=\"https:\/\/glicerin.si\/sl\/izdelek\/rastlinski-glicerin-80-500ml\/\" \/>\n<meta property=\"og:site_name\" content=\"Pro Flavors\" \/>\n<meta property=\"article:modified_time\" content=\"2025-10-27T10:13:28+00:00\" \/>\n<meta property=\"og:image\" content=\"https:\/\/glicerin.si\/wp-content\/uploads\/2025\/10\/80-VG.png\" \/>\n\t<meta property=\"og:image:width\" content=\"700\" \/>\n\t<meta property=\"og:image:height\" content=\"700\" \/>\n\t<meta property=\"og:image:type\" content=\"image\/png\" \/>\n<meta name=\"twitter:card\" content=\"summary_large_image\" \/>\n<meta name=\"twitter:label1\" content=\"Est. reading time\" \/>\n\t<meta name=\"twitter:data1\" content=\"1 minuta\" \/>\n<script type=\"application\/ld+json\" class=\"yoast-schema-graph\">{\"@context\":\"https:\/\/schema.org\",\"@graph\":[{\"@type\":\"WebPage\",\"@id\":\"https:\/\/glicerin.si\/sl\/izdelek\/rastlinski-glicerin-80-500ml\/\",\"url\":\"https:\/\/glicerin.si\/sl\/izdelek\/rastlinski-glicerin-80-500ml\/\",\"name\":\"Rastlinski Glicerin 80% 500ml - Pro Flavors\",\"isPartOf\":{\"@id\":\"https:\/\/glicerin.si\/#website\"},\"primaryImageOfPage\":{\"@id\":\"https:\/\/glicerin.si\/sl\/izdelek\/rastlinski-glicerin-80-500ml\/#primaryimage\"},\"image\":{\"@id\":\"https:\/\/glicerin.si\/sl\/izdelek\/rastlinski-glicerin-80-500ml\/#primaryimage\"},\"thumbnailUrl\":\"https:\/\/glicerin.si\/wp-content\/uploads\/2025\/10\/80-VG.png\",\"datePublished\":\"2025-10-24T08:15:12+00:00\",\"dateModified\":\"2025-10-27T10:13:28+00:00\",\"breadcrumb\":{\"@id\":\"https:\/\/glicerin.si\/sl\/izdelek\/rastlinski-glicerin-80-500ml\/#breadcrumb\"},\"inLanguage\":\"sl-SI\",\"potentialAction\":[{\"@type\":\"ReadAction\",\"target\":[\"https:\/\/glicerin.si\/sl\/izdelek\/rastlinski-glicerin-80-500ml\/\"]}]},{\"@type\":\"ImageObject\",\"inLanguage\":\"sl-SI\",\"@id\":\"https:\/\/glicerin.si\/sl\/izdelek\/rastlinski-glicerin-80-500ml\/#primaryimage\",\"url\":\"https:\/\/glicerin.si\/wp-content\/uploads\/2025\/10\/80-VG.png\",\"contentUrl\":\"https:\/\/glicerin.si\/wp-content\/uploads\/2025\/10\/80-VG.png\",\"width\":700,\"height\":700},{\"@type\":\"BreadcrumbList\",\"@id\":\"https:\/\/glicerin.si\/sl\/izdelek\/rastlinski-glicerin-80-500ml\/#breadcrumb\",\"itemListElement\":[{\"@type\":\"ListItem\",\"position\":1,\"name\":\"Home\",\"item\":\"https:\/\/glicerin.si\/\"},{\"@type\":\"ListItem\",\"position\":2,\"name\":\"Nakupujte\",\"item\":\"https:\/\/glicerin.si\/nakupujte\/\"},{\"@type\":\"ListItem\",\"position\":3,\"name\":\"Rastlinski Glicerin 80% 500ml\"}]},{\"@type\":\"WebSite\",\"@id\":\"https:\/\/glicerin.si\/#website\",\"url\":\"https:\/\/glicerin.si\/\",\"name\":\"Alp-Shop\",\"description\":\"\",\"publisher\":{\"@id\":\"https:\/\/glicerin.si\/#organization\"},\"potentialAction\":[{\"@type\":\"SearchAction\",\"target\":{\"@type\":\"EntryPoint\",\"urlTemplate\":\"https:\/\/glicerin.si\/?s={search_term_string}\"},\"query-input\":{\"@type\":\"PropertyValueSpecification\",\"valueRequired\":true,\"valueName\":\"search_term_string\"}}],\"inLanguage\":\"sl-SI\"},{\"@type\":\"Organization\",\"@id\":\"https:\/\/glicerin.si\/#organization\",\"name\":\"Egoistflavors\",\"url\":\"https:\/\/glicerin.si\/\",\"logo\":{\"@type\":\"ImageObject\",\"inLanguage\":\"sl-SI\",\"@id\":\"https:\/\/glicerin.si\/#\/schema\/logo\/image\/\",\"url\":\"https:\/\/glicerin.si\/wp-content\/uploads\/2023\/02\/75296DFF-04B6-4FE9-9625-82A25E3E38A1.png\",\"contentUrl\":\"https:\/\/glicerin.si\/wp-content\/uploads\/2023\/02\/75296DFF-04B6-4FE9-9625-82A25E3E38A1.png\",\"width\":1125,\"height\":2436,\"caption\":\"Egoistflavors\"},\"image\":{\"@id\":\"https:\/\/glicerin.si\/#\/schema\/logo\/image\/\"}}]}<\/script>\n<!-- \/ Yoast SEO plugin. -->","yoast_head_json":{"title":"Rastlinski Glicerin 80% 500ml - Pro Flavors","robots":{"index":"index","follow":"follow","max-snippet":"max-snippet:-1","max-image-preview":"max-image-preview:large","max-video-preview":"max-video-preview:-1"},"canonical":"https:\/\/glicerin.si\/sl\/izdelek\/rastlinski-glicerin-80-500ml\/","og_locale":"sl_SI","og_type":"article","og_title":"Rastlinski Glicerin 80% 500ml - Pro Flavors","og_description":"Rastlinski glicerin (VG) je prozorna, brez vonja in rahlo sladka teko\u010dina, pridobljena iz rastlinskih olj, ki se pogosto uporablja kot","og_url":"https:\/\/glicerin.si\/sl\/izdelek\/rastlinski-glicerin-80-500ml\/","og_site_name":"Pro Flavors","article_modified_time":"2025-10-27T10:13:28+00:00","og_image":[{"width":700,"height":700,"url":"https:\/\/glicerin.si\/wp-content\/uploads\/2025\/10\/80-VG.png","type":"image\/png"}],"twitter_card":"summary_large_image","twitter_misc":{"Est. reading time":"1 minuta"},"schema":{"@context":"https:\/\/schema.org","@graph":[{"@type":"WebPage","@id":"https:\/\/glicerin.si\/sl\/izdelek\/rastlinski-glicerin-80-500ml\/","url":"https:\/\/glicerin.si\/sl\/izdelek\/rastlinski-glicerin-80-500ml\/","name":"Rastlinski Glicerin 80% 500ml - Pro Flavors","isPartOf":{"@id":"https:\/\/glicerin.si\/#website"},"primaryImageOfPage":{"@id":"https:\/\/glicerin.si\/sl\/izdelek\/rastlinski-glicerin-80-500ml\/#primaryimage"},"image":{"@id":"https:\/\/glicerin.si\/sl\/izdelek\/rastlinski-glicerin-80-500ml\/#primaryimage"},"thumbnailUrl":"https:\/\/glicerin.si\/wp-content\/uploads\/2025\/10\/80-VG.png","datePublished":"2025-10-24T08:15:12+00:00","dateModified":"2025-10-27T10:13:28+00:00","breadcrumb":{"@id":"https:\/\/glicerin.si\/sl\/izdelek\/rastlinski-glicerin-80-500ml\/#breadcrumb"},"inLanguage":"sl-SI","potentialAction":[{"@type":"ReadAction","target":["https:\/\/glicerin.si\/sl\/izdelek\/rastlinski-glicerin-80-500ml\/"]}]},{"@type":"ImageObject","inLanguage":"sl-SI","@id":"https:\/\/glicerin.si\/sl\/izdelek\/rastlinski-glicerin-80-500ml\/#primaryimage","url":"https:\/\/glicerin.si\/wp-content\/uploads\/2025\/10\/80-VG.png","contentUrl":"https:\/\/glicerin.si\/wp-content\/uploads\/2025\/10\/80-VG.png","width":700,"height":700},{"@type":"BreadcrumbList","@id":"https:\/\/glicerin.si\/sl\/izdelek\/rastlinski-glicerin-80-500ml\/#breadcrumb","itemListElement":[{"@type":"ListItem","position":1,"name":"Home","item":"https:\/\/glicerin.si\/"},{"@type":"ListItem","position":2,"name":"Nakupujte","item":"https:\/\/glicerin.si\/nakupujte\/"},{"@type":"ListItem","position":3,"name":"Rastlinski Glicerin 80% 500ml"}]},{"@type":"WebSite","@id":"https:\/\/glicerin.si\/#website","url":"https:\/\/glicerin.si\/","name":"Alp-Shop","description":"","publisher":{"@id":"https:\/\/glicerin.si\/#organization"},"potentialAction":[{"@type":"SearchAction","target":{"@type":"EntryPoint","urlTemplate":"https:\/\/glicerin.si\/?s={search_term_string}"},"query-input":{"@type":"PropertyValueSpecification","valueRequired":true,"valueName":"search_term_string"}}],"inLanguage":"sl-SI"},{"@type":"Organization","@id":"https:\/\/glicerin.si\/#organization","name":"Egoistflavors","url":"https:\/\/glicerin.si\/","logo":{"@type":"ImageObject","inLanguage":"sl-SI","@id":"https:\/\/glicerin.si\/#\/schema\/logo\/image\/","url":"https:\/\/glicerin.si\/wp-content\/uploads\/2023\/02\/75296DFF-04B6-4FE9-9625-82A25E3E38A1.png","contentUrl":"https:\/\/glicerin.si\/wp-content\/uploads\/2023\/02\/75296DFF-04B6-4FE9-9625-82A25E3E38A1.png","width":1125,"height":2436,"caption":"Egoistflavors"},"image":{"@id":"https:\/\/glicerin.si\/#\/schema\/logo\/image\/"}}]}},"_links":{"self":[{"href":"https:\/\/glicerin.si\/sl\/wp-json\/wp\/v2\/product\/19787","targetHints":{"allow":["GET"]}}],"collection":[{"href":"https:\/\/glicerin.si\/sl\/wp-json\/wp\/v2\/product"}],"about":[{"href":"https:\/\/glicerin.si\/sl\/wp-json\/wp\/v2\/types\/product"}],"version-history":[{"count":1,"href":"https:\/\/glicerin.si\/sl\/wp-json\/wp\/v2\/product\/19787\/revisions"}],"predecessor-version":[{"id":19824,"href":"https:\/\/glicerin.si\/sl\/wp-json\/wp\/v2\/product\/19787\/revisions\/19824"}],"wp:featuredmedia":[{"embeddable":true,"href":"https:\/\/glicerin.si\/sl\/wp-json\/wp\/v2\/media\/19734"}],"wp:attachment":[{"href":"https:\/\/glicerin.si\/sl\/wp-json\/wp\/v2\/media?parent=19787"}],"wp:term":[{"taxonomy":"product_brand","embeddable":true,"href":"https:\/\/glicerin.si\/sl\/wp-json\/wp\/v2\/product_brand?post=19787"},{"taxonomy":"product_cat","embeddable":true,"href":"https:\/\/glicerin.si\/sl\/wp-json\/wp\/v2\/product_cat?post=19787"},{"taxonomy":"product_tag","embeddable":true,"href":"https:\/\/glicerin.si\/sl\/wp-json\/wp\/v2\/product_tag?post=19787"}],"curies":[{"name":"wp","href":"https:\/\/api.w.org\/{rel}","templated":true}]}}